{"id":223,"date":"2025-04-11T09:36:27","date_gmt":"2025-04-11T09:36:27","guid":{"rendered":"https:\/\/dedefenderaresolver.com\/contacta\/"},"modified":"2025-05-15T06:53:26","modified_gmt":"2025-05-15T06:53:26","slug":"contacta","status":"publish","type":"page","link":"https:\/\/dedefenderaresolver.com\/ca\/contacta\/","title":{"rendered":"Contacta"},"content":{"rendered":"<p>[et_pb_section fb_built=&#8221;1&#8243; _builder_version=&#8221;4.27.4&#8243; _module_preset=&#8221;default&#8221; background_color=&#8221;#E2E0D6&#8243; global_colors_info=&#8221;{}&#8221;][et_pb_row _builder_version=&#8221;4.27.4&#8243; _module_preset=&#8221;default&#8221; global_colors_info=&#8221;{}&#8221;][et_pb_column type=&#8221;4_4&#8243; _builder_version=&#8221;4.27.4&#8243; _module_preset=&#8221;default&#8221; global_colors_info=&#8221;{}&#8221;][et_pb_text _builder_version=&#8221;4.27.4&#8243; _module_preset=&#8221;default&#8221; header_font_size=&#8221;72px&#8221; header_font_size_tablet=&#8221;72px&#8221; header_font_size_phone=&#8221;53px&#8221; header_font_size_last_edited=&#8221;on|phone&#8221; global_colors_info=&#8221;{}&#8221;]<\/p>\n<h1>CONTACTA<\/h1>\n<p>[\/et_pb_text][\/et_pb_column][\/et_pb_row][et_pb_row column_structure=&#8221;1_2,1_2&#8243; make_equal=&#8221;on&#8221; _builder_version=&#8221;4.27.4&#8243; _module_preset=&#8221;default&#8221; custom_css_main_element=&#8221;align-items: center;||&#8221; global_colors_info=&#8221;{}&#8221;][et_pb_column type=&#8221;1_2&#8243; _builder_version=&#8221;4.27.4&#8243; _module_preset=&#8221;default&#8221; global_colors_info=&#8221;{}&#8221;][et_pb_image src=&#8221;https:\/\/dedefenderaresolver.com\/wp-content\/uploads\/2025\/04\/CONTACTO.png&#8221; alt=&#8221;CONTACTE&#8221; title_text=&#8221;CONTACTE&#8221; _builder_version=&#8221;4.27.4&#8243; _module_preset=&#8221;default&#8221; global_colors_info=&#8221;{}&#8221;][\/et_pb_image][\/et_pb_column][et_pb_column type=&#8221;1_2&#8243; _builder_version=&#8221;4.27.4&#8243; _module_preset=&#8221;default&#8221; global_colors_info=&#8221;{}&#8221;][et_pb_text _builder_version=&#8221;4.27.4&#8243; _module_preset=&#8221;default&#8221; text_font_size=&#8221;19px&#8221; hover_enabled=&#8221;0&#8243; global_colors_info=&#8221;{}&#8221; sticky_enabled=&#8221;0&#8243;]<\/p>\n<p><a href=\"https:\/\/confecomerc.es\/\">Confederaci\u00f3 d\u00b4Empresaris del Comer\u00e7, Serveis i Aut\u00f2noms de la Comunitat Valenciana (Confecomer\u00e7)<\/a><\/p>\n<p><a href=\"https:\/\/www.google.es\/maps\/dir\/\/CONFECOMER%C3%87+-+Confederaci%C3%B3+de+Comer%C3%A7+d'Alacant,+Castell%C3%B3+i+Val%C3%A8ncia,+C.d'Hern%C3%A1n+Cort%C3%A9s,+4,+1%C2%BA,+Ensanche,+46004+Valencia\/@39.4688142,-0.3744639,17z\/data=!4m9!4m8!1m0!1m5!1m1!1s0xd604fc702122953:0x456ab27ab7c115f6!2m2!1d-0.371889!2d39.4688101!3e0?entry=ttu&amp;g_ep=EgoyMDI1MDQwOS4wIKXMDSoJLDEwMjExNjM5SAFQAw%3D%3D\">C\/ Hern\u00e1n Cort\u00e9s, 4 \u2013 1r, Val\u00e8ncia<\/a><\/p>\n<p><a href=\"tel:+34 %20963% 20532%20037\">+34 963 532 037<\/a><\/p>\n<p><a href=\"mailto:info@confecomerc.es\">info@confecomerc.es<\/a><\/p>\n<p>[\/et_pb_text][\/et_pb_column][\/et_pb_row][et_pb_row _builder_version=&#8221;4.27.4&#8243; _module_preset=&#8221;default&#8221; global_colors_info=&#8221;{}&#8221;][et_pb_column type=&#8221;4_4&#8243; _builder_version=&#8221;4.27.4&#8243; _module_preset=&#8221;default&#8221; global_colors_info=&#8221;{}&#8221;][et_pb_text _builder_version=&#8221;4.27.4&#8243; _module_preset=&#8221;default&#8221; header_font_size=&#8221;37px&#8221; header_3_font_size=&#8221;30px&#8221; global_colors_info=&#8221;{}&#8221;]<\/p>\n<h3>Formulari de contacte<\/h3>\n<p>[\/et_pb_text][et_pb_code _builder_version=&#8221;4.27.4&#8243; _module_preset=&#8221;default&#8221; global_colors_info=&#8221;{}&#8221;]<div class=\"frm_forms  with_frm_style frm_style_estilo-de-formidable\" id=\"frm_form_1_container\" data-token=\"7d428f2c2c13fdcec04f24f34689a43e\">\n<form enctype=\"multipart\/form-data\" method=\"post\" class=\"frm-show-form  frm_js_validate  frm_ajax_submit  frm_pro_form \" id=\"form_contact-form\" data-token=\"7d428f2c2c13fdcec04f24f34689a43e\">\n<div class=\"frm_form_fields \">\n<fieldset>\n<legend class=\"frm_screen_reader\">Contacta amb nosaltres\t<\/legend>\r\n\r\n<div class=\"frm_fields_container\">\n<input type=\"hidden\" name=\"frm_action\" value=\"create\" \/>\n<input type=\"hidden\" name=\"form_id\" value=\"1\" \/>\n<input type=\"hidden\" name=\"frm_hide_fields_1\" id=\"frm_hide_fields_1\" value=\"\" \/>\n<input type=\"hidden\" name=\"form_key\" value=\"contact-form\" \/>\n<input type=\"hidden\" name=\"item_meta[0]\" value=\"\" \/>\n<input type=\"hidden\" id=\"frm_submit_entry_1\" name=\"frm_submit_entry_1\" value=\"1d5c46f708\" \/><input type=\"hidden\" name=\"_wp_http_referer\" value=\"\/ca\/wp-json\/wp\/v2\/pages\/223\" \/><div id=\"frm_field_1_container\" class=\"frm_form_field form-field  frm_required_field frm_top_container frm_first frm_half\">\r\n\t<label for=\"field_qh4icy\" id=\"field_qh4icy_label\" class=\"frm_primary_label\">Nom\r\n\t\t<span class=\"frm_required\" aria-hidden=\"true\">*<\/span>\r\n\t<\/label>\r\n\t<input  type=\"text\" id=\"field_qh4icy\" name=\"item_meta[1]\" value=\"\"  data-reqmsg=\"Nom no pot estar en blanc.\t\" aria-required=\"true\" data-invmsg=\"Nom no es v\u00e1lido\" aria-invalid=\"false\"   \/>\r\n\t\r\n\t\r\n<\/div>\n<div id=\"frm_field_2_container\" class=\"frm_form_field form-field  frm_top_container frm_half\">\r\n\t<label for=\"field_ocfup1\" id=\"field_ocfup1_label\" class=\"frm_primary_label\">Cognoms\r\n\t\t<span class=\"frm_required\" aria-hidden=\"true\"><\/span>\r\n\t<\/label>\r\n\t<input  type=\"text\" id=\"field_ocfup1\" name=\"item_meta[2]\" value=\"\"  data-invmsg=\"Cognoms no es v\u00e1lido\" aria-invalid=\"false\"   \/>\r\n\t\r\n\t\r\n<\/div>\n<div id=\"frm_field_3_container\" class=\"frm_form_field form-field  frm_required_field frm_top_container frm6 frm_first\">\r\n\t<label for=\"field_29yf4d\" id=\"field_29yf4d_label\" class=\"frm_primary_label\">Correu electr\u00f2nic\t\r\n\t\t<span class=\"frm_required\" aria-hidden=\"true\">*<\/span>\r\n\t<\/label>\r\n\t<input type=\"email\" id=\"field_29yf4d\" name=\"item_meta[3]\" value=\"\"  data-reqmsg=\"Correu electr\u00f2nic\t no pot estar en blanc.\t\" aria-required=\"true\" data-invmsg=\"Si us plau, introdu\u00efu una adre\u00e7a electr\u00f2nica v\u00e0lida\t\" aria-invalid=\"false\"  \/>\r\n\t\r\n\t\r\n<\/div>\n<div id=\"frm_field_7_container\" class=\"frm_form_field form-field  frm_top_container frm6\">\r\n\t<label for=\"field_b3zf8\" id=\"field_b3zf8_label\" class=\"frm_primary_label\">Tel\u00e8fon\t\r\n\t\t<span class=\"frm_required\" aria-hidden=\"true\"><\/span>\r\n\t<\/label>\r\n\t<input type=\"tel\" id=\"field_b3zf8\" name=\"item_meta[7]\" value=\"\"  data-invmsg=\"Tel\u00e8fon\t no \u00e9s v\u00e0lid\t\" aria-invalid=\"false\" pattern=\"((\\+\\d{1,3}(-|.| )?\\(?\\d\\)?(-| |.)?\\d{1,5})|(\\(?\\d{2,6}\\)?))(-|.| )?(\\d{3,4})(-|.| )?(\\d{4})(( x| ext)\\d{1,5}){0,1}$\"  \/>\r\n\t\r\n\t\r\n<\/div>\n<div id=\"frm_field_8_container\" class=\"frm_form_field form-field  frm_required_field frm_top_container vertical_radio\">\r\n\t<div  id=\"field_ojx0q_label\" class=\"frm_primary_label\">Sobre tu\t\r\n\t\t<span class=\"frm_required\" aria-hidden=\"true\">*<\/span>\r\n\t<\/div>\r\n\t<div class=\"frm_opt_container\" aria-labelledby=\"field_ojx0q_label\" role=\"radiogroup\" aria-required=\"true\">\t\t<div class=\"frm_radio\" id=\"frm_radio_8-0\">\t\t\t<label  for=\"field_ojx0q-0\">\n\t\t\t\t\t<input type=\"radio\" name=\"item_meta[8]\" id=\"field_ojx0q-0\" value=\"Soy un aut\u00f3nomo\"\n\t\t data-reqmsg=\"Sobre tu\t no pot estar en blanc.\t\" data-invmsg=\"Sobre tu\t is invalid\"   \/> S\u00f3c un aut\u00f2nom\t<\/label><\/div>\n\t\t<div class=\"frm_radio\" id=\"frm_radio_8-1\">\t\t\t<label  for=\"field_ojx0q-1\">\n\t\t\t\t\t<input type=\"radio\" name=\"item_meta[8]\" id=\"field_ojx0q-1\" value=\"Soy una empresa\"\n\t\t data-reqmsg=\"Sobre tu\t no pot estar en blanc.\t\" data-invmsg=\"Sobre tu\t is invalid\"   \/> S\u00f3c una empresa\t<\/label><\/div>\n\t\t<div class=\"frm_radio\" id=\"frm_radio_8-2\">\t\t\t<label  for=\"field_ojx0q-2\">\n\t\t\t\t\t<input type=\"radio\" name=\"item_meta[8]\" id=\"field_ojx0q-2\" value=\"Soy una asociaci\u00f3n\"\n\t\t data-reqmsg=\"Sobre tu\t no pot estar en blanc.\t\" data-invmsg=\"Sobre tu\t is invalid\"   \/> S\u00f3c una associaci\u00f3\t<\/label><\/div>\n<\/div>\r\n\t\r\n\t\r\n<\/div>\n<div id=\"frm_field_12_container\" class=\"frm_form_field form-field  frm_required_field frm_top_container\">\r\n\t<label for=\"field_ckyfj\" id=\"field_ckyfj_label\" class=\"frm_primary_label\">Nom de l'empresa\/associaci\u00f3\t\r\n\t\t<span class=\"frm_required\" aria-hidden=\"true\">*<\/span>\r\n\t<\/label>\r\n\t<input  type=\"text\" id=\"field_ckyfj\" name=\"item_meta[12]\" value=\"\"  data-reqmsg=\"Nom de l&#039;empresa\/associaci\u00f3\t no pot estar en blanc.\t\" aria-required=\"true\" data-invmsg=\"Nom de l&#039;empresa\/associaci\u00f3\t no es v\u00e1lido\" aria-invalid=\"false\"   \/>\r\n\t\r\n\t\r\n<\/div>\n<div id=\"frm_field_9_container\" class=\"frm_form_field form-field  frm_required_field frm_top_container\">\r\n\t<label for=\"field_85kx4\" id=\"field_85kx4_label\" class=\"frm_primary_label\">Localitat\r\n\t\t<span class=\"frm_required\" aria-hidden=\"true\">*<\/span>\r\n\t<\/label>\r\n\t<input  type=\"text\" id=\"field_85kx4\" name=\"item_meta[9]\" value=\"\"  data-reqmsg=\"Localitat no pot estar en blanc.\t\" aria-required=\"true\" data-invmsg=\"Localitat no es v\u00e1lido\" aria-invalid=\"false\"   \/>\r\n\t\r\n\t\r\n<\/div>\n<div id=\"frm_field_4_container\" class=\"frm_form_field form-field  frm_required_field frm_top_container frm_full\">\r\n\t<label for=\"field_e6lis6\" id=\"field_e6lis6_label\" class=\"frm_primary_label\">Motiu de la consulta\t\r\n\t\t<span class=\"frm_required\" aria-hidden=\"true\">*<\/span>\r\n\t<\/label>\r\n\t<input  type=\"text\" id=\"field_e6lis6\" name=\"item_meta[4]\" value=\"\"  data-reqmsg=\"Motiu de la consulta\t no pot estar en blanc.\t\" aria-required=\"true\" data-invmsg=\"Motiu de la consulta\t no es v\u00e1lido\" aria-invalid=\"false\"   \/>\r\n\t\r\n\t\r\n<\/div>\n<div id=\"frm_field_5_container\" class=\"frm_form_field form-field  frm_required_field frm_top_container frm_full\">\r\n\t<label for=\"field_9jv0r1\" id=\"field_9jv0r1_label\" class=\"frm_primary_label\">Missatge\t\r\n\t\t<span class=\"frm_required\" aria-hidden=\"true\">*<\/span>\r\n\t<\/label>\r\n\t<textarea name=\"item_meta[5]\" id=\"field_9jv0r1\" rows=\"5\"  data-reqmsg=\"Missatge\t no pot estar en blanc.\t\" aria-required=\"true\" data-invmsg=\"Missatge\t no es v\u00e1lido\" aria-invalid=\"false\"  ><\/textarea>\r\n\t\r\n\t\r\n<\/div>\n<div id=\"frm_field_10_container\" class=\"frm_form_field form-field  frm_required_field frm_top_container vertical_radio\">\r\n\t<div  id=\"field_73ei1_label\" class=\"frm_primary_label\">Pol\u00edtica de privacitat\r\n\t\t<span class=\"frm_required\" aria-hidden=\"true\">*<\/span>\r\n\t<\/div>\r\n\t<div class=\"frm_opt_container\" aria-labelledby=\"field_73ei1_label\" role=\"group\">\t\t<div class=\"frm_checkbox\" id=\"frm_checkbox_10-0\">\t\t\t<label  for=\"field_73ei1-0\">\n\t\t\t<input type=\"checkbox\" name=\"item_meta[10][]\" id=\"field_73ei1-0\" value=\"Confirmo que he le\u00eddo y acepto la &lt;a href=&quot;https:\/\/dedefenderaresolver.com\/politica-de-privacidad\/&quot;&gt;pol\u00edtica de privacidad&lt;\/a&gt; de esta web que puedo consultar desde&lt;a href=&quot;https:\/\/dedefenderaresolver.com\/politica-de-privacidad\/&quot;&gt; este enlace&lt;\/a&gt;.\"  data-reqmsg=\"Pol\u00edtica de privacitat no pot estar en blanc.\t\" data-invmsg=\"Pol\u00edtica de privacitat is invalid\"   aria-required=\"true\"  \/> Confirme que he llegit i accepte la <a href=\"https:\/\/dedefenderaresolver.com\/politica-de-privacidad\/\">pol\u00edtica de privacitat<\/a> d\u00b4aquest web que puc consultar des de <a href=\"https:\/\/dedefenderaresolver.com\/politica-de-privacidad\/\"> aquest enlla\u00e7&lt;\/a<\/label><\/div>\n<\/div>\r\n\t\r\n\t\r\n<\/div>\n<div id=\"frm_field_11_container\" class=\"frm_form_field form-field  frm_top_container vertical_radio\">\r\n\t<div  id=\"field_hfpdt_label\" class=\"frm_primary_label\">Comunicacions\t\r\n\t\t<span class=\"frm_required\" aria-hidden=\"true\"><\/span>\r\n\t<\/div>\r\n\t<div class=\"frm_opt_container\" aria-labelledby=\"field_hfpdt_label\" role=\"group\">\t\t<div class=\"frm_checkbox\" id=\"frm_checkbox_11-0\">\t\t\t<label  for=\"field_hfpdt-0\">\n\t\t\t<input type=\"checkbox\" name=\"item_meta[11][]\" id=\"field_hfpdt-0\" value=\"Quiero estar al d\u00eda: acepto recibir boletines, novedades y comunicaciones. Tranquilo, no compartimos tus datos con nadie y tu informaci\u00f3n est\u00e1 segura con nosotros.\"  data-invmsg=\"Comunicacions\t is invalid\"   \/> Vull estar al dia: accepte rebre butlletins, novetats i comunicacions. Tranquil, no compartim les dades amb ning\u00fa i la teva informaci\u00f3 est\u00e0 segura amb nosaltres.\t<\/label><\/div>\n<\/div>\r\n\t\r\n\t\r\n<\/div>\n<div id=\"frm_field_6_container\" class=\"frm_form_field form-field \">\r\n\t<div class=\"frm_submit frm_flex\">\r\n<button class=\"frm_button_submit frm_final_submit\" type=\"submit\"   formnovalidate=\"formnovalidate\">Enviar\t<\/button>\r\n\r\n\r\n\r\n<\/div>\r\n<\/div>\n\t<input type=\"hidden\" name=\"item_key\" value=\"\" \/>\n\t\t\t<div id=\"frm_field_13_container\">\n\t\t\t<label for=\"field_avofs\" >\n\t\t\t\tIf you are human, leave this field blank.\t\t\t<\/label>\n\t\t\t<input  id=\"field_avofs\" type=\"text\" class=\"frm_form_field form-field frm_verify\" name=\"item_meta[13]\" value=\"\"  \/>\n\t\t<\/div>\n\t\t<input name=\"frm_state\" type=\"hidden\" value=\"lZRLxdzUQYfYXEh9bK86B2X6Kc11h29JhAZIHtXW3QQIOMHQDrAif9e1uj\/Stl0K\" \/><\/div>\n<\/fieldset>\n<\/div>\n\n<\/form>\n<\/div>\n[\/et_pb_code][\/et_pb_column][\/et_pb_row][\/et_pb_section]<\/p>\n","protected":false},"excerpt":{"rendered":"<p>CONTACTAConfederaci\u00f3 d\u00b4Empresaris del Comer\u00e7, Serveis i Aut\u00f2noms de la Comunitat Valenciana (Confecomer\u00e7) C\/ Hern\u00e1n Cort\u00e9s, 4 \u2013 1r, Val\u00e8ncia +34 963 532 037 info@confecomerc.esFormulari de contacte<div class=\"frm_forms  with_frm_style frm_style_estilo-de-formidable\" id=\"frm_form_1_container\" data-token=\"7d428f2c2c13fdcec04f24f34689a43e\" data-token=\"7d428f2c2c13fdcec04f24f34689a43e\">\n<form enctype=\"multipart\/form-data\" method=\"post\" class=\"frm-show-form  frm_js_validate  frm_ajax_submit  frm_pro_form \" id=\"form_contact-form\" data-token=\"7d428f2c2c13fdcec04f24f34689a43e\" data-token=\"7d428f2c2c13fdcec04f24f34689a43e\">\n<div class=\"frm_form_fields \">\n<fieldset>\n<legend class=\"frm_screen_reader\">Contacta amb nosaltres\t<\/legend>\r\n\r\n<div class=\"frm_fields_container\">\n<input type=\"hidden\" name=\"frm_action\" value=\"create\" \/>\n<input type=\"hidden\" name=\"form_id\" value=\"1\" \/>\n<input type=\"hidden\" name=\"frm_hide_fields_1\" id=\"frm_hide_fields_1\" value=\"\" \/>\n<input type=\"hidden\" name=\"form_key\" value=\"contact-form\" \/>\n<input type=\"hidden\" name=\"item_meta[0]\" value=\"\" \/>\n<input type=\"hidden\" id=\"frm_submit_entry_1\" name=\"frm_submit_entry_1\" value=\"1d5c46f708\" \/><input type=\"hidden\" name=\"_wp_http_referer\" value=\"\/ca\/wp-json\/wp\/v2\/pages\/223\" \/><div id=\"frm_field_1_container\" class=\"frm_form_field form-field  frm_required_field frm_top_container frm_first frm_half\">\r\n\t<label for=\"field_qh4icy\" id=\"field_qh4icy_label\" class=\"frm_primary_label\">Nom\r\n\t\t<span class=\"frm_required\" aria-hidden=\"true\">*<\/span>\r\n\t<\/label>\r\n\t<input  type=\"text\" id=\"field_qh4icy\" name=\"item_meta[1]\" value=\"\"  data-reqmsg=\"Nom no pot estar en blanc.\t\" aria-required=\"true\" data-invmsg=\"Nom no es v\u00e1lido\" aria-invalid=\"false\"   \/>\r\n\t\r\n\t\r\n<\/div>\n<div id=\"frm_field_2_container\" class=\"frm_form_field form-field  frm_top_container frm_half\">\r\n\t<label for=\"field_ocfup1\" id=\"field_ocfup1_label\" class=\"frm_primary_label\">Cognoms\r\n\t\t<span class=\"frm_required\" aria-hidden=\"true\"><\/span>\r\n\t<\/label>\r\n\t<input  type=\"text\" id=\"field_ocfup1\" name=\"item_meta[2]\" value=\"\"  data-invmsg=\"Cognoms no es v\u00e1lido\" aria-invalid=\"false\"   \/>\r\n\t\r\n\t\r\n<\/div>\n<div id=\"frm_field_3_container\" class=\"frm_form_field form-field  frm_required_field frm_top_container frm6 frm_first\">\r\n\t<label for=\"field_29yf4d\" id=\"field_29yf4d_label\" class=\"frm_primary_label\">Correu electr\u00f2nic\t\r\n\t\t<span class=\"frm_required\" aria-hidden=\"true\">*<\/span>\r\n\t<\/label>\r\n\t<input type=\"email\" id=\"field_29yf4d\" name=\"item_meta[3]\" value=\"\"  data-reqmsg=\"Correu electr\u00f2nic\t no pot estar en blanc.\t\" aria-required=\"true\" data-invmsg=\"Si us plau, introdu\u00efu una adre\u00e7a electr\u00f2nica v\u00e0lida\t\" aria-invalid=\"false\"  \/>\r\n\t\r\n\t\r\n<\/div>\n<div id=\"frm_field_7_container\" class=\"frm_form_field form-field  frm_top_container frm6\">\r\n\t<label for=\"field_b3zf8\" id=\"field_b3zf8_label\" class=\"frm_primary_label\">Tel\u00e8fon\t\r\n\t\t<span class=\"frm_required\" aria-hidden=\"true\"><\/span>\r\n\t<\/label>\r\n\t<input type=\"tel\" id=\"field_b3zf8\" name=\"item_meta[7]\" value=\"\"  data-invmsg=\"Tel\u00e8fon\t no \u00e9s v\u00e0lid\t\" aria-invalid=\"false\" pattern=\"((\\+\\d{1,3}(-|.| )?\\(?\\d\\)?(-| |.)?\\d{1,5})|(\\(?\\d{2,6}\\)?))(-|.| )?(\\d{3,4})(-|.| )?(\\d{4})(( x| ext)\\d{1,5}){0,1}$\"  \/>\r\n\t\r\n\t\r\n<\/div>\n<div id=\"frm_field_8_container\" class=\"frm_form_field form-field  frm_required_field frm_top_container vertical_radio\">\r\n\t<div  id=\"field_ojx0q_label\" class=\"frm_primary_label\">Sobre tu\t\r\n\t\t<span class=\"frm_required\" aria-hidden=\"true\">*<\/span>\r\n\t<\/div>\r\n\t<div class=\"frm_opt_container\" aria-labelledby=\"field_ojx0q_label\" role=\"radiogroup\" aria-required=\"true\">\t\t<div class=\"frm_radio\" id=\"frm_radio_8-0\">\t\t\t<label  for=\"field_ojx0q-0\">\n\t\t\t\t\t<input type=\"radio\" name=\"item_meta[8]\" id=\"field_ojx0q-0\" value=\"Soy un aut\u00f3nomo\"\n\t\t data-reqmsg=\"Sobre tu\t no pot estar en blanc.\t\" data-invmsg=\"Sobre tu\t is invalid\"   \/> S\u00f3c un aut\u00f2nom\t<\/label><\/div>\n\t\t<div class=\"frm_radio\" id=\"frm_radio_8-1\">\t\t\t<label  for=\"field_ojx0q-1\">\n\t\t\t\t\t<input type=\"radio\" name=\"item_meta[8]\" id=\"field_ojx0q-1\" value=\"Soy una empresa\"\n\t\t data-reqmsg=\"Sobre tu\t no pot estar en blanc.\t\" data-invmsg=\"Sobre tu\t is invalid\"   \/> S\u00f3c una empresa\t<\/label><\/div>\n\t\t<div class=\"frm_radio\" id=\"frm_radio_8-2\">\t\t\t<label  for=\"field_ojx0q-2\">\n\t\t\t\t\t<input type=\"radio\" name=\"item_meta[8]\" id=\"field_ojx0q-2\" value=\"Soy una asociaci\u00f3n\"\n\t\t data-reqmsg=\"Sobre tu\t no pot estar en blanc.\t\" data-invmsg=\"Sobre tu\t is invalid\"   \/> S\u00f3c una associaci\u00f3\t<\/label><\/div>\n<\/div>\r\n\t\r\n\t\r\n<\/div>\n<div id=\"frm_field_12_container\" class=\"frm_form_field form-field  frm_required_field frm_top_container\">\r\n\t<label for=\"field_ckyfj\" id=\"field_ckyfj_label\" class=\"frm_primary_label\">Nom de l'empresa\/associaci\u00f3\t\r\n\t\t<span class=\"frm_required\" aria-hidden=\"true\">*<\/span>\r\n\t<\/label>\r\n\t<input  type=\"text\" id=\"field_ckyfj\" name=\"item_meta[12]\" value=\"\"  data-reqmsg=\"Nom de l&#039;empresa\/associaci\u00f3\t no pot estar en blanc.\t\" aria-required=\"true\" data-invmsg=\"Nom de l&#039;empresa\/associaci\u00f3\t no es v\u00e1lido\" aria-invalid=\"false\"   \/>\r\n\t\r\n\t\r\n<\/div>\n<div id=\"frm_field_9_container\" class=\"frm_form_field form-field  frm_required_field frm_top_container\">\r\n\t<label for=\"field_85kx4\" id=\"field_85kx4_label\" class=\"frm_primary_label\">Localitat\r\n\t\t<span class=\"frm_required\" aria-hidden=\"true\">*<\/span>\r\n\t<\/label>\r\n\t<input  type=\"text\" id=\"field_85kx4\" name=\"item_meta[9]\" value=\"\"  data-reqmsg=\"Localitat no pot estar en blanc.\t\" aria-required=\"true\" data-invmsg=\"Localitat no es v\u00e1lido\" aria-invalid=\"false\"   \/>\r\n\t\r\n\t\r\n<\/div>\n<div id=\"frm_field_4_container\" class=\"frm_form_field form-field  frm_required_field frm_top_container frm_full\">\r\n\t<label for=\"field_e6lis6\" id=\"field_e6lis6_label\" class=\"frm_primary_label\">Motiu de la consulta\t\r\n\t\t<span class=\"frm_required\" aria-hidden=\"true\">*<\/span>\r\n\t<\/label>\r\n\t<input  type=\"text\" id=\"field_e6lis6\" name=\"item_meta[4]\" value=\"\"  data-reqmsg=\"Motiu de la consulta\t no pot estar en blanc.\t\" aria-required=\"true\" data-invmsg=\"Motiu de la consulta\t no es v\u00e1lido\" aria-invalid=\"false\"   \/>\r\n\t\r\n\t\r\n<\/div>\n<div id=\"frm_field_5_container\" class=\"frm_form_field form-field  frm_required_field frm_top_container frm_full\">\r\n\t<label for=\"field_9jv0r1\" id=\"field_9jv0r1_label\" class=\"frm_primary_label\">Missatge\t\r\n\t\t<span class=\"frm_required\" aria-hidden=\"true\">*<\/span>\r\n\t<\/label>\r\n\t<textarea name=\"item_meta[5]\" id=\"field_9jv0r1\" rows=\"5\"  data-reqmsg=\"Missatge\t no pot estar en blanc.\t\" aria-required=\"true\" data-invmsg=\"Missatge\t no es v\u00e1lido\" aria-invalid=\"false\"  ><\/textarea>\r\n\t\r\n\t\r\n<\/div>\n<div id=\"frm_field_10_container\" class=\"frm_form_field form-field  frm_required_field frm_top_container vertical_radio\">\r\n\t<div  id=\"field_73ei1_label\" class=\"frm_primary_label\">Pol\u00edtica de privacitat\r\n\t\t<span class=\"frm_required\" aria-hidden=\"true\">*<\/span>\r\n\t<\/div>\r\n\t<div class=\"frm_opt_container\" aria-labelledby=\"field_73ei1_label\" role=\"group\">\t\t<div class=\"frm_checkbox\" id=\"frm_checkbox_10-0\">\t\t\t<label  for=\"field_73ei1-0\">\n\t\t\t<input type=\"checkbox\" name=\"item_meta[10][]\" id=\"field_73ei1-0\" value=\"Confirmo que he le\u00eddo y acepto la &lt;a href=&quot;https:\/\/dedefenderaresolver.com\/politica-de-privacidad\/&quot;&gt;pol\u00edtica de privacidad&lt;\/a&gt; de esta web que puedo consultar desde&lt;a href=&quot;https:\/\/dedefenderaresolver.com\/politica-de-privacidad\/&quot;&gt; este enlace&lt;\/a&gt;.\"  data-reqmsg=\"Pol\u00edtica de privacitat no pot estar en blanc.\t\" data-invmsg=\"Pol\u00edtica de privacitat is invalid\"   aria-required=\"true\"  \/> Confirme que he llegit i accepte la <a href=\"https:\/\/dedefenderaresolver.com\/politica-de-privacidad\/\">pol\u00edtica de privacitat<\/a> d\u00b4aquest web que puc consultar des de <a href=\"https:\/\/dedefenderaresolver.com\/politica-de-privacidad\/\"> aquest enlla\u00e7&lt;\/a<\/label><\/div>\n<\/div>\r\n\t\r\n\t\r\n<\/div>\n<div id=\"frm_field_11_container\" class=\"frm_form_field form-field  frm_top_container vertical_radio\">\r\n\t<div  id=\"field_hfpdt_label\" class=\"frm_primary_label\">Comunicacions\t\r\n\t\t<span class=\"frm_required\" aria-hidden=\"true\"><\/span>\r\n\t<\/div>\r\n\t<div class=\"frm_opt_container\" aria-labelledby=\"field_hfpdt_label\" role=\"group\">\t\t<div class=\"frm_checkbox\" id=\"frm_checkbox_11-0\">\t\t\t<label  for=\"field_hfpdt-0\">\n\t\t\t<input type=\"checkbox\" name=\"item_meta[11][]\" id=\"field_hfpdt-0\" value=\"Quiero estar al d\u00eda: acepto recibir boletines, novedades y comunicaciones. Tranquilo, no compartimos tus datos con nadie y tu informaci\u00f3n est\u00e1 segura con nosotros.\"  data-invmsg=\"Comunicacions\t is invalid\"   \/> Vull estar al dia: accepte rebre butlletins, novetats i comunicacions. Tranquil, no compartim les dades amb ning\u00fa i la teva informaci\u00f3 est\u00e0 segura amb nosaltres.\t<\/label><\/div>\n<\/div>\r\n\t\r\n\t\r\n<\/div>\n<div id=\"frm_field_6_container\" class=\"frm_form_field form-field \">\r\n\t<div class=\"frm_submit frm_flex\">\r\n<button class=\"frm_button_submit frm_final_submit\" type=\"submit\"   formnovalidate=\"formnovalidate\">Enviar\t<\/button>\r\n\r\n\r\n\r\n<\/div>\r\n<\/div>\n\t<input type=\"hidden\" name=\"item_key\" value=\"\" \/>\n\t\t\t<div id=\"frm_field_14_container\">\n\t\t\t<label for=\"field_udwhd\" >\n\t\t\t\tIf you are human, leave this field blank.\t\t\t<\/label>\n\t\t\t<input  id=\"field_udwhd\" type=\"text\" class=\"frm_form_field form-field frm_verify\" name=\"item_meta[14]\" value=\"\"  \/>\n\t\t<\/div>\n\t\t<input name=\"frm_state\" type=\"hidden\" value=\"lZRLxdzUQYfYXEh9bK86B2X6Kc11h29JhAZIHtXW3QS7AmEiXVjjtmqAvs9yAs5D\" \/><\/div>\n<\/fieldset>\n<\/div>\n\n<\/form>\n<\/div>\n<\/p>\n","protected":false},"author":1,"featured_media":0,"parent":0,"menu_order":0,"comment_status":"closed","ping_status":"closed","template":"","meta":{"_et_pb_use_builder":"on","_et_pb_old_content":"","_et_gb_content_width":"","_joinchat":[],"footnotes":""},"class_list":["post-223","page","type-page","status-publish","hentry"],"jetpack_sharing_enabled":true,"_links":{"self":[{"href":"https:\/\/dedefenderaresolver.com\/ca\/wp-json\/wp\/v2\/pages\/223","targetHints":{"allow":["GET"]}}],"collection":[{"href":"https:\/\/dedefenderaresolver.com\/ca\/wp-json\/wp\/v2\/pages"}],"about":[{"href":"https:\/\/dedefenderaresolver.com\/ca\/wp-json\/wp\/v2\/types\/page"}],"author":[{"embeddable":true,"href":"https:\/\/dedefenderaresolver.com\/ca\/wp-json\/wp\/v2\/users\/1"}],"replies":[{"embeddable":true,"href":"https:\/\/dedefenderaresolver.com\/ca\/wp-json\/wp\/v2\/comments?post=223"}],"version-history":[{"count":0,"href":"https:\/\/dedefenderaresolver.com\/ca\/wp-json\/wp\/v2\/pages\/223\/revisions"}],"wp:attachment":[{"href":"https:\/\/dedefenderaresolver.com\/ca\/wp-json\/wp\/v2\/media?parent=223"}],"curies":[{"name":"wp","href":"https:\/\/api.w.org\/{rel}","templated":true}]}}